{"id":105,"date":"2015-01-25T00:21:42","date_gmt":"2015-01-25T00:21:42","guid":{"rendered":"http:\/\/total.wpexplorer.com\/construct\/?page_id=4"},"modified":"2022-10-06T13:32:23","modified_gmt":"2022-10-06T13:32:23","slug":"biz-kimiz","status":"publish","type":"page","link":"http:\/\/www.canapolimer.com.tr\/?page_id=105","title":{"rendered":"Biz Kimiz"},"content":{"rendered":"[vc_row full_width=&#8221;stretch_row&#8221; remove_bottom_col_margin=&#8221;true&#8221; typography_style=&#8221;light&#8221; bg_style=&#8221;stretch&#8221; css=&#8221;.vc_custom_1664542769220{padding-top: 140px !important;padding-bottom: 140px !important;background-image: url(http:\/\/www.canapolimer.com.tr\/wp-content\/uploads\/2022\/09\/hakkimizda.png?id=197) !important;background-position: center !important;background-repeat: no-repeat !important;background-size: cover !important;}&#8221;][vc_column]<h1 class=\"vcex-heading vcex-module wpex-text-2xl wpex-font-normal wpex-m-auto wpex-max-w-100 vcex-heading-plain wpex-block wpex-text-center\" style=\"color:#000000;font-size:36px;font-weight:700;\"><span class=\"vcex-heading-inner wpex-inline-block wpex-clr\">HAKKIMIZDA<\/span><\/h1><div class=\"vcex-spacing wpex-w-100 wpex-clear\" style=\"height:10px;\"><\/div>[vc_column_text text_align=&#8221;center&#8221; color=&#8221;#ffffff&#8221; font_size=&#8221;21&#8243;][\/vc_column_text][\/vc_column][\/vc_row][vc_row full_width=&#8221;stretch_row&#8221; css=&#8221;.vc_custom_1489882653141{padding-top: 70px !important;padding-bottom: 30px !important;background-color: #efefef !important;}&#8221;][vc_column width=&#8221;1\/2&#8243;]<h2 class=\"vcex-heading vcex-module wpex-text-2xl wpex-font-normal wpex-m-auto wpex-max-w-100 vcex-heading-plain wpex-block\" style=\"font-size:28px;\"><span class=\"vcex-heading-inner wpex-inline-block wpex-clr\">Tarih\u00e7e<\/span><\/h2><div class=\"vcex-spacing wpex-w-100 wpex-clear\" style=\"height:20px;\"><\/div>[vc_column_text]Firmam\u0131z 1986 y\u0131l\u0131nda Cana Plastik Kimyevi Maddeler Sanayi ve D\u0131s Ticaret Limited Sirketi olarak Istanbul\u2019da kurulmustur. 2022 y\u0131l\u0131nda firmam\u0131z Cana Polimer D\u0131s Ticaret Limited Sirketi olarak faaliyetine devam etmektedir.<\/p>\n<p>D\u00fcnyan\u0131n \u00e7esitli \u00fclkelerinde ki hammadde \u00fcreticilerinden d\u00fczenli olarak plastik hammadde temin edip dag\u0131t\u0131m\u0131n\u0131 yapmaktay\u0131z. Stok kapasitemiz ile piyasan\u0131n ihtiya\u00e7lar\u0131 dogrultusunda kaliteli hizmet saglamaktay\u0131z.<\/p>\n<p>M\u00fcsteri memnuniyeti en b\u00fcy\u00fck degerlerimizdendir. Sekt\u00f6r\u00fcn \u00f6nc\u00fc firmalar\u0131ndan biri olarak hedefimiz her zaman g\u00fcvenilirlik esasl\u0131 hizmet etmektir. Bu dogrultuda, \u00fcr\u00fcn \u2013 pazar iliskisinin irdelenmesi ve gerekli stratejilerin olusturulmas\u0131 en \u00f6nemli unsurlardand\u0131r.[\/vc_column_text][\/vc_column][vc_column width=&#8221;1\/2&#8243;]<div class=\"vcex-spacing wpex-w-100 wpex-clear\"><\/div><div class=\"vcex-spacing wpex-w-100 wpex-clear\"><\/div><div class=\"vcex-spacing wpex-w-100 wpex-clear\"><\/div><div class=\"vcex-spacing wpex-w-100 wpex-clear\"><\/div><figure class=\"vcex-image vcex-module wpex-clr\"><div class=\"vcex-image-inner wpex-relative wpex-inline-block\"><img width=\"3543\" height=\"1325\" src=\"http:\/\/www.canapolimer.com.tr\/wp-content\/uploads\/2022\/09\/cana-plastik-1.png\" class=\"wpex-align-middle\" alt=\"\" loading=\"lazy\" srcset=\"http:\/\/www.canapolimer.com.tr\/wp-content\/uploads\/2022\/09\/cana-plastik-1.png 3543w, http:\/\/www.canapolimer.com.tr\/wp-content\/uploads\/2022\/09\/cana-plastik-1-300x112.png 300w, http:\/\/www.canapolimer.com.tr\/wp-content\/uploads\/2022\/09\/cana-plastik-1-1024x383.png 1024w, http:\/\/www.canapolimer.com.tr\/wp-content\/uploads\/2022\/09\/cana-plastik-1-768x287.png 768w, http:\/\/www.canapolimer.com.tr\/wp-content\/uploads\/2022\/09\/cana-plastik-1-1536x574.png 1536w, http:\/\/www.canapolimer.com.tr\/wp-content\/uploads\/2022\/09\/cana-plastik-1-2048x766.png 2048w, http:\/\/www.canapolimer.com.tr\/wp-content\/uploads\/2022\/09\/cana-plastik-1-1500x561.png 1500w, http:\/\/www.canapolimer.com.tr\/wp-content\/uploads\/2022\/09\/cana-plastik-1-300x112@2x.png 600w\" sizes=\"(max-width: 3543px) 100vw, 3543px\" \/><\/div><\/figure>[\/vc_column][\/vc_row]\n","protected":false},"excerpt":{"rendered":"<p>[vc_row full_width=&#8221;stretch_row&#8221; remove_bottom_col_margin=&#8221;true&#8221; typography_style=&#8221;light&#8221; bg_style=&#8221;stretch&#8221; css=&#8221;.vc_custom_1664542769220{padding-top: 140px !important;padding-bottom: 140px !important;background-image: url(http:\/\/www.canapolimer.com.tr\/wp-content\/uploads\/2022\/09\/hakkimizda.png?id=197) !important;background-position: center !important;background-repeat: no-repeat !important;background-size: cover !important;}&#8221;][vc_column][vc_column_text text_align=&#8221;center&#8221; color=&#8221;#ffffff&#8221; font_size=&#8221;21&#8243;][\/vc_column_text][\/vc_column][\/vc_row][vc_row full_width=&#8221;stretch_row&#8221; css=&#8221;.vc_custom_1489882653141{padding-top: 70px !important;padding-bottom: 30px !important;background-color: #efefef !important;}&#8221;][vc_column width=&#8221;1\/2&#8243;][vc_column_text]Firmam\u0131z 1986 y\u0131l\u0131nda Cana Plastik Kimyevi Maddeler Sanayi ve D\u0131s Ticaret Limited Sirketi olarak Istanbul\u2019da kurulmustur. 2022 y\u0131l\u0131nda firmam\u0131z Cana Polimer D\u0131s Ticaret Limited Sirketi olarak&hellip;<\/p>\n","protected":false},"author":1,"featured_media":0,"parent":0,"menu_order":0,"comment_status":"closed","ping_status":"closed","template":"","meta":[],"_links":{"self":[{"href":"http:\/\/www.canapolimer.com.tr\/index.php?rest_route=\/wp\/v2\/pages\/105"}],"collection":[{"href":"http:\/\/www.canapolimer.com.tr\/index.php?rest_route=\/wp\/v2\/pages"}],"about":[{"href":"http:\/\/www.canapolimer.com.tr\/index.php?rest_route=\/wp\/v2\/types\/page"}],"author":[{"embeddable":true,"href":"http:\/\/www.canapolimer.com.tr\/index.php?rest_route=\/wp\/v2\/users\/1"}],"replies":[{"embeddable":true,"href":"http:\/\/www.canapolimer.com.tr\/index.php?rest_route=%2Fwp%2Fv2%2Fcomments&post=105"}],"version-history":[{"count":17,"href":"http:\/\/www.canapolimer.com.tr\/index.php?rest_route=\/wp\/v2\/pages\/105\/revisions"}],"predecessor-version":[{"id":252,"href":"http:\/\/www.canapolimer.com.tr\/index.php?rest_route=\/wp\/v2\/pages\/105\/revisions\/252"}],"wp:attachment":[{"href":"http:\/\/www.canapolimer.com.tr\/index.php?rest_route=%2Fwp%2Fv2%2Fmedia&parent=105"}],"curies":[{"name":"wp","href":"https:\/\/api.w.org\/{rel}","templated":true}]}}