{"id":2,"date":"2015-01-25T00:16:32","date_gmt":"2015-01-25T00:16:32","guid":{"rendered":"http:\/\/total.wpexplorer.com\/construct\/?page_id=2"},"modified":"2022-10-06T13:37:44","modified_gmt":"2022-10-06T13:37:44","slug":"anasayfa","status":"publish","type":"page","link":"http:\/\/www.canapolimer.com.tr\/","title":{"rendered":"Anasayfa"},"content":{"rendered":"[vc_row full_width=&#8221;stretch_row&#8221; parallax=&#8221;content-moving&#8221; wpex_bg_overlay=&#8221;color&#8221; typography_style=&#8221;light&#8221; bg_style=&#8221;stretch&#8221; css=&#8221;.vc_custom_1664541698428{padding-top: 130px !important;padding-bottom: 100px !important;background: #0a0a0a url(http:\/\/www.canapolimer.com.tr\/wp-content\/uploads\/2022\/09\/anasayfa.png?id=189);}&#8221; wpex_bg_overlay_opacity=&#8221;0.5&#8243;][vc_column]<h1 class=\"vcex-heading vcex-module wpex-text-2xl wpex-font-normal wpex-m-auto wpex-max-w-100 vcex-heading-plain wpex-block wpex-text-center\" style=\"color:#ffffff;font-size:36px;\"><span class=\"vcex-heading-inner wpex-inline-block wpex-clr\">SEKT\u00d6RDE \u00d6NC\u00dc<\/span><\/h1><div class=\"vcex-spacing wpex-w-100 wpex-clear\"><\/div>[vc_column_text color=&#8221;#ffffff&#8221; font_size=&#8221;21px&#8221;]\n<p style=\"text-align: center;\">1986\u2019dan beri g\u00fcven ve m\u00fcsteri memnuniyeti&#8230;<\/p>\n[\/vc_column_text]<div class=\"vcex-spacing wpex-w-100 wpex-clear\"><\/div><div class=\"theme-button-wrap textcenter wpex-clr\"><a href=\"http:\/\/www.canapolimer.com.tr\/?page_id=6\" title=\"Learn More\" class=\"vcex-button theme-button flat align-center inline\" style=\"background:var(--wpex-accent);color:var(--wpex-on-accent);font-size:16px;\" rel=\"nofollow\"><span class=\"theme-button-inner\">Bilgi icin<span class=\"vcex-icon-wrap theme-button-icon-right\"><span class=\"ticon ticon-chevron-right\" aria-hidden=\"true\"><\/span><\/span><\/span><\/a><\/div> [\/vc_column][\/vc_row][vc_row full_width=&#8221;stretch_row&#8221; column_spacing=&#8221;0px&#8221; remove_bottom_col_margin=&#8221;true&#8221; css=&#8221;.vc_custom_1651547740927{padding-top: 50px !important;padding-bottom: 50px !important;}&#8221; el_class=&#8221;wpex-accent-bg&#8221;][vc_column][vc_column_text color=&#8221;on-accent&#8221; font_size=&#8221;21&#8243;]\n<p style=\"text-align: center;\">Her zaman hazir stoklar\u0131m\u0131z ile en uygun kosullarda<\/p>\n<p style=\"text-align: center;\">hizmetinizdeyiz!<\/p>\n[\/vc_column_text][\/vc_column][\/vc_row][vc_row css=&#8221;.vc_custom_1460667407935{padding-top: 80px !important;padding-bottom: 50px !important;}&#8221;][vc_column width=&#8221;1\/3&#8243;]<a href=\"http:\/\/www.canapolimer.com.tr\/?page_id=6\" class=\"vcex-icon-box-link-wrap wpex-inherit-color wpex-no-underline\"><div class=\"vcex-module vcex-icon-box vcex-icon-box-two wpex-relative wpex-text-center\"><div class=\"vcex-icon-box-symbol wpex-mb-20\"><img width=\"1920\" height=\"1080\" src=\"http:\/\/www.canapolimer.com.tr\/wp-content\/uploads\/2022\/09\/Adsiz-tasarim-6.png\" class=\"vcex-icon-box-image wpex-align-middle\" alt=\"\" loading=\"lazy\" srcset=\"http:\/\/www.canapolimer.com.tr\/wp-content\/uploads\/2022\/09\/Adsiz-tasarim-6.png 1920w, http:\/\/www.canapolimer.com.tr\/wp-content\/uploads\/2022\/09\/Adsiz-tasarim-6-300x169.png 300w, http:\/\/www.canapolimer.com.tr\/wp-content\/uploads\/2022\/09\/Adsiz-tasarim-6-1024x576.png 1024w, http:\/\/www.canapolimer.com.tr\/wp-content\/uploads\/2022\/09\/Adsiz-tasarim-6-768x432.png 768w, http:\/\/www.canapolimer.com.tr\/wp-content\/uploads\/2022\/09\/Adsiz-tasarim-6-1536x864.png 1536w\" sizes=\"(max-width: 1920px) 100vw, 1920px\" \/><\/div><div class=\"vcex-icon-box-text\"><h2 class=\"vcex-icon-box-heading wpex-heading wpex-text-md wpex-mb-10\" style=\"font-weight:400;text-transform:uppercase;\">PP Polipropilen<\/h2><\/div><\/div><\/a>[\/vc_column][vc_column width=&#8221;1\/3&#8243;]<div class=\"vcex-module vcex-icon-box vcex-icon-box-two wpex-relative wpex-text-center\"><div class=\"vcex-icon-box-symbol wpex-mb-20\"><a href=\"http:\/\/www.canapolimer.com.tr\/?page_id=6\" class=\"wpex-no-underline\"><img width=\"1920\" height=\"1080\" src=\"http:\/\/www.canapolimer.com.tr\/wp-content\/uploads\/2022\/09\/Adsiz-tasarim-2.png\" class=\"vcex-icon-box-image wpex-align-middle\" alt=\"\" loading=\"lazy\" srcset=\"http:\/\/www.canapolimer.com.tr\/wp-content\/uploads\/2022\/09\/Adsiz-tasarim-2.png 1920w, http:\/\/www.canapolimer.com.tr\/wp-content\/uploads\/2022\/09\/Adsiz-tasarim-2-300x169.png 300w, http:\/\/www.canapolimer.com.tr\/wp-content\/uploads\/2022\/09\/Adsiz-tasarim-2-1024x576.png 1024w, http:\/\/www.canapolimer.com.tr\/wp-content\/uploads\/2022\/09\/Adsiz-tasarim-2-768x432.png 768w, http:\/\/www.canapolimer.com.tr\/wp-content\/uploads\/2022\/09\/Adsiz-tasarim-2-1536x864.png 1536w\" sizes=\"(max-width: 1920px) 100vw, 1920px\" \/><\/a><\/div><div class=\"vcex-icon-box-text\"><a href=\"http:\/\/www.canapolimer.com.tr\/?page_id=6\" class=\"vcex-icon-box-link wpex-no-underline\"><h2 class=\"vcex-icon-box-heading wpex-heading wpex-text-md wpex-mb-10\" style=\"font-weight:400;text-transform:uppercase;\">PE Polietilen<\/h2><\/a><\/div><\/div>[\/vc_column][vc_column width=&#8221;1\/3&#8243;]<div class=\"vcex-module vcex-icon-box vcex-icon-box-two wpex-relative wpex-text-center\"><div class=\"vcex-icon-box-symbol wpex-mb-20\"><a href=\"http:\/\/www.canapolimer.com.tr\/?page_id=6\" class=\"wpex-no-underline\"><img width=\"1920\" height=\"1080\" src=\"http:\/\/www.canapolimer.com.tr\/wp-content\/uploads\/2022\/09\/Adsiz-tasarim-5.png\" class=\"vcex-icon-box-image wpex-align-middle\" alt=\"\" loading=\"lazy\" srcset=\"http:\/\/www.canapolimer.com.tr\/wp-content\/uploads\/2022\/09\/Adsiz-tasarim-5.png 1920w, http:\/\/www.canapolimer.com.tr\/wp-content\/uploads\/2022\/09\/Adsiz-tasarim-5-300x169.png 300w, http:\/\/www.canapolimer.com.tr\/wp-content\/uploads\/2022\/09\/Adsiz-tasarim-5-1024x576.png 1024w, http:\/\/www.canapolimer.com.tr\/wp-content\/uploads\/2022\/09\/Adsiz-tasarim-5-768x432.png 768w, http:\/\/www.canapolimer.com.tr\/wp-content\/uploads\/2022\/09\/Adsiz-tasarim-5-1536x864.png 1536w\" sizes=\"(max-width: 1920px) 100vw, 1920px\" \/><\/a><\/div><div class=\"vcex-icon-box-text\"><a href=\"http:\/\/www.canapolimer.com.tr\/?page_id=6\" class=\"vcex-icon-box-link wpex-no-underline\"><h2 class=\"vcex-icon-box-heading wpex-heading wpex-text-md wpex-mb-10\" style=\"font-weight:400;text-transform:uppercase;\">PS Polistiren<\/h2><\/a><\/div><\/div>[\/vc_column][\/vc_row][vc_row full_width=&#8221;stretch_row&#8221; css=&#8221;.vc_custom_1489611246294{padding-top: 60px !important;padding-bottom: 50px !important;background-color: #efefef !important;}&#8221;][vc_column]<h2 class=\"vcex-heading vcex-module wpex-text-2xl wpex-font-normal wpex-m-auto wpex-max-w-100 vcex-heading-plain wpex-block wpex-text-center\" style=\"font-size:28px;\"><span class=\"vcex-heading-inner wpex-inline-block wpex-clr\">HAKKIMIZDA<\/span><\/h2><div class=\"vcex-spacing wpex-w-100 wpex-clear\"><\/div>[vc_column_text]\n<p style=\"text-align: center;\">Firmam\u0131z 1986 y\u0131l\u0131nda Cana Plastik Kimyevi Maddeler Sanayi ve D\u0131s Ticaret Limited Sirketi olarak Istanbul\u2019da kurulmustur. 2022 y\u0131l\u0131nda firmam\u0131z Cana Polimer D\u0131s Ticaret Limited Sirketi olarak faaliyetine devam etmektedir. D\u00fcnyan\u0131n \u00e7esitli \u00fclkelerinde ki hammadde \u00fcreticilerinden d\u00fczenli olarak plastik hammadde temin edip dag\u0131t\u0131m\u0131n\u0131 yapmaktay\u0131z. Stok kapasitemiz ile piyasan\u0131n ihtiya\u00e7lar\u0131 dogrultusunda kaliteli hizmet saglamaktay\u0131z.<\/p>\n[\/vc_column_text][\/vc_column][\/vc_row][vc_row full_width=&#8221;stretch_row_content_no_spaces&#8221;][vc_column css=&#8221;.vc_custom_1476674115468{margin-bottom: 0px !important;background-color: #000000 !important;}&#8221;]<div class=\"vcex-image-grid-wrap wpex-clr\"><div class=\"vcex-module vcex-image-grid grid-style-no-margins wpex-row wpex-clr vcex-isotope-grid no-transition vcex-no-margin-grid wpex-lightbox-group\" data-transition-duration=\"0.0\" data-thumbnails=\"false\" data-show_title=\"false\"><div class=\"id-119 vcex-image-grid-entry vcex-grid-item vcex-isotope-entry textcenter vcex-no-margin-entry span_1_of_4 col col-1\"><figure class=\"vcex-image-grid-entry-figure wpex-last-mb-0 wpex-clr\"><div class=\"vcex-image-grid-entry-img entry-media overlay-parent overlay-parent-plus-three-hover wpex-overflow-hidden wpex-mb-20\"><a href=\"http:\/\/www.canapolimer.com.tr\/wp-content\/uploads\/2022\/09\/Adsiz-tasarim-14-1500x844.png\" class=\"vcex-image-grid-entry-img wpex-lightbox-group-item\" data-thumbnails=\"false\" data-show_title=\"false\"><img data-no-lazy=\"1\" class=\"wpex-align-middle skip-lazy\" src=\"http:\/\/www.canapolimer.com.tr\/wp-content\/uploads\/2022\/09\/Adsiz-tasarim-14-800x500.png\" alt=\"\" srcset=\"http:\/\/www.canapolimer.com.tr\/wp-content\/uploads\/2022\/09\/Adsiz-tasarim-14-800x500.png 800w, http:\/\/www.canapolimer.com.tr\/wp-content\/uploads\/2022\/09\/Adsiz-tasarim-14-800x500@2x.png 1600w, http:\/\/www.canapolimer.com.tr\/wp-content\/uploads\/2022\/09\/Adsiz-tasarim-14-800x500@2x.png 2x\" width=\"800\" height=\"500\">\n<div class=\"overlay-plus-three-hover overlay-hide theme-overlay wpex-absolute wpex-inset-0 wpex-transition-all wpex-duration-300 wpex-text-accent wpex-text-6xl wpex-flex wpex-items-center wpex-justify-center\" aria-hidden=\"true\">\n\t<span class=\"overlay-bg wpex-bg-black wpex-block wpex-absolute wpex-inset-0 wpex-opacity-70\"><\/span>\n    <span class=\"overlay-content overlay-transform wpex-relative wpex-leading-none wpex-translate-y-50 wpex-transition-all wpex-duration-300 ticon ticon-plus-circle\" aria-hidden=\"true\"><\/span><\/div><\/a><\/div><\/figure><\/div><div class=\"id-190 vcex-image-grid-entry vcex-grid-item vcex-isotope-entry textcenter vcex-no-margin-entry span_1_of_4 col col-2\"><figure class=\"vcex-image-grid-entry-figure wpex-last-mb-0 wpex-clr\"><div class=\"vcex-image-grid-entry-img entry-media overlay-parent overlay-parent-plus-three-hover wpex-overflow-hidden wpex-mb-20\"><a href=\"http:\/\/www.canapolimer.com.tr\/wp-content\/uploads\/2022\/09\/anasayfa-alt-1500x844.png\" class=\"vcex-image-grid-entry-img wpex-lightbox-group-item\" data-thumbnails=\"false\" data-show_title=\"false\"><img data-no-lazy=\"1\" class=\"wpex-align-middle skip-lazy\" src=\"http:\/\/www.canapolimer.com.tr\/wp-content\/uploads\/2022\/09\/anasayfa-alt-800x500.png\" alt=\"\" srcset=\"http:\/\/www.canapolimer.com.tr\/wp-content\/uploads\/2022\/09\/anasayfa-alt-800x500.png 800w, http:\/\/www.canapolimer.com.tr\/wp-content\/uploads\/2022\/09\/anasayfa-alt-800x500@2x.png 1600w, http:\/\/www.canapolimer.com.tr\/wp-content\/uploads\/2022\/09\/anasayfa-alt-800x500@2x.png 2x\" width=\"800\" height=\"500\">\n<div class=\"overlay-plus-three-hover overlay-hide theme-overlay wpex-absolute wpex-inset-0 wpex-transition-all wpex-duration-300 wpex-text-accent wpex-text-6xl wpex-flex wpex-items-center wpex-justify-center\" aria-hidden=\"true\">\n\t<span class=\"overlay-bg wpex-bg-black wpex-block wpex-absolute wpex-inset-0 wpex-opacity-70\"><\/span>\n    <span class=\"overlay-content overlay-transform wpex-relative wpex-leading-none wpex-translate-y-50 wpex-transition-all wpex-duration-300 ticon ticon-plus-circle\" aria-hidden=\"true\"><\/span><\/div><\/a><\/div><\/figure><\/div><div class=\"id-121 vcex-image-grid-entry vcex-grid-item vcex-isotope-entry textcenter vcex-no-margin-entry span_1_of_4 col col-3\"><figure class=\"vcex-image-grid-entry-figure wpex-last-mb-0 wpex-clr\"><div class=\"vcex-image-grid-entry-img entry-media overlay-parent overlay-parent-plus-three-hover wpex-overflow-hidden wpex-mb-20\"><a href=\"http:\/\/www.canapolimer.com.tr\/wp-content\/uploads\/2022\/09\/Adsiz-tasarim-19-1500x844.png\" class=\"vcex-image-grid-entry-img wpex-lightbox-group-item\" data-thumbnails=\"false\" data-show_title=\"false\"><img data-no-lazy=\"1\" class=\"wpex-align-middle skip-lazy\" src=\"http:\/\/www.canapolimer.com.tr\/wp-content\/uploads\/2022\/09\/Adsiz-tasarim-19-800x500.png\" alt=\"\" srcset=\"http:\/\/www.canapolimer.com.tr\/wp-content\/uploads\/2022\/09\/Adsiz-tasarim-19-800x500.png 800w, http:\/\/www.canapolimer.com.tr\/wp-content\/uploads\/2022\/09\/Adsiz-tasarim-19-800x500@2x.png 1600w, http:\/\/www.canapolimer.com.tr\/wp-content\/uploads\/2022\/09\/Adsiz-tasarim-19-800x500@2x.png 2x\" width=\"800\" height=\"500\">\n<div class=\"overlay-plus-three-hover overlay-hide theme-overlay wpex-absolute wpex-inset-0 wpex-transition-all wpex-duration-300 wpex-text-accent wpex-text-6xl wpex-flex wpex-items-center wpex-justify-center\" aria-hidden=\"true\">\n\t<span class=\"overlay-bg wpex-bg-black wpex-block wpex-absolute wpex-inset-0 wpex-opacity-70\"><\/span>\n    <span class=\"overlay-content overlay-transform wpex-relative wpex-leading-none wpex-translate-y-50 wpex-transition-all wpex-duration-300 ticon ticon-plus-circle\" aria-hidden=\"true\"><\/span><\/div><\/a><\/div><\/figure><\/div><div class=\"id-200 vcex-image-grid-entry vcex-grid-item vcex-isotope-entry textcenter vcex-no-margin-entry span_1_of_4 col col-4\"><figure class=\"vcex-image-grid-entry-figure wpex-last-mb-0 wpex-clr\"><div class=\"vcex-image-grid-entry-img entry-media overlay-parent overlay-parent-plus-three-hover wpex-overflow-hidden wpex-mb-20\"><a href=\"http:\/\/www.canapolimer.com.tr\/wp-content\/uploads\/2022\/09\/Adsiz-tasarim-13-1500x844.png\" class=\"vcex-image-grid-entry-img wpex-lightbox-group-item\" data-thumbnails=\"false\" data-show_title=\"false\"><img data-no-lazy=\"1\" class=\"wpex-align-middle skip-lazy\" src=\"http:\/\/www.canapolimer.com.tr\/wp-content\/uploads\/2022\/09\/Adsiz-tasarim-13-800x500.png\" alt=\"\" srcset=\"http:\/\/www.canapolimer.com.tr\/wp-content\/uploads\/2022\/09\/Adsiz-tasarim-13-800x500.png 800w, http:\/\/www.canapolimer.com.tr\/wp-content\/uploads\/2022\/09\/Adsiz-tasarim-13-800x500@2x.png 1600w, http:\/\/www.canapolimer.com.tr\/wp-content\/uploads\/2022\/09\/Adsiz-tasarim-13-800x500@2x.png 2x\" width=\"800\" height=\"500\">\n<div class=\"overlay-plus-three-hover overlay-hide theme-overlay wpex-absolute wpex-inset-0 wpex-transition-all wpex-duration-300 wpex-text-accent wpex-text-6xl wpex-flex wpex-items-center wpex-justify-center\" aria-hidden=\"true\">\n\t<span class=\"overlay-bg wpex-bg-black wpex-block wpex-absolute wpex-inset-0 wpex-opacity-70\"><\/span>\n    <span class=\"overlay-content overlay-transform wpex-relative wpex-leading-none wpex-translate-y-50 wpex-transition-all wpex-duration-300 ticon ticon-plus-circle\" aria-hidden=\"true\"><\/span><\/div><\/a><\/div><\/figure><\/div><\/div><\/div>[\/vc_column][\/vc_row][vc_row full_width=&#8221;stretch_row&#8221; css=&#8221;.vc_custom_1489611257982{padding-top: 50px !important;padding-bottom: 50px !important;background-color: #efefef !important;}&#8221;][vc_column]<h2 class=\"vcex-heading vcex-module wpex-text-2xl wpex-font-normal wpex-m-auto wpex-max-w-100 vcex-heading-plain wpex-block wpex-text-center\" style=\"font-size:28px;\"><span class=\"vcex-heading-inner wpex-inline-block wpex-clr\">\u00dcR\u00dcNLER\u0130M\u0130Z \u0130LE \u0130LG\u0130L\u0130 DAHA FAZLA B\u0130LG\u0130 \u0130\u00c7\u0130N...<\/span><\/h2>[vc_empty_space height=&#8221;30px&#8221;]<div class=\"theme-button-wrap textcenter wpex-clr\"><a href=\"http:\/\/www.canapolimer.com.tr\/?page_id=6\" title=\"Learn More\" class=\"vcex-button theme-button flat align-center inline\" target=\"_blank\" style=\"background:var(--wpex-accent);color:var(--wpex-on-accent);font-size:16px;\" rel=\"nofollow noopener noreferrer\"><span class=\"theme-button-inner\">B\u0130LG\u0130 \u0130C\u0130N<\/span><\/a><\/div> [\/vc_column][\/vc_row][vc_row full_width=&#8221;stretch_row&#8221; parallax=&#8221;content-moving&#8221; wpex_bg_overlay=&#8221;color&#8221; css=&#8221;.vc_custom_1664541910574{padding-top: 100px !important;padding-bottom: 100px !important;background: #000000 url(http:\/\/www.canapolimer.com.tr\/wp-content\/uploads\/2022\/09\/Adsiz-tasarim-15-1.png?id=194);}&#8221; wpex_bg_overlay_opacity=&#8221;0.3&#8243;][vc_column][vc_column_text font_size=&#8221;32px&#8221;]<span class=\"white-text\">1986\u2019dan beri hammadde tedarikciniz!<\/span>[\/vc_column_text]<div class=\"vcex-spacing wpex-w-100 wpex-clear\"><\/div><a href=\"http:\/\/www.canapolimer.com.tr\/?page_id=5\" class=\"vcex-button theme-button outline white inline\" style=\"font-size:14px;font-weight:400;letter-spacing:2px;\"><span class=\"theme-button-inner\">\u0130LET\u0130S\u0130M<\/span><\/a> [\/vc_column][\/vc_row]\n","protected":false},"excerpt":{"rendered":"<p>[vc_row full_width=&#8221;stretch_row&#8221; parallax=&#8221;content-moving&#8221; wpex_bg_overlay=&#8221;color&#8221; typography_style=&#8221;light&#8221; bg_style=&#8221;stretch&#8221; css=&#8221;.vc_custom_1664541698428{padding-top: 130px !important;padding-bottom: 100px !important;background: #0a0a0a url(http:\/\/www.canapolimer.com.tr\/wp-content\/uploads\/2022\/09\/anasayfa.png?id=189);}&#8221; wpex_bg_overlay_opacity=&#8221;0.5&#8243;][vc_column][vc_column_text color=&#8221;#ffffff&#8221; font_size=&#8221;21px&#8221;] 1986\u2019dan beri g\u00fcven ve m\u00fcsteri memnuniyeti&#8230; [\/vc_column_text][\/vc_column][\/vc_row][vc_row full_width=&#8221;stretch_row&#8221; column_spacing=&#8221;0px&#8221; remove_bottom_col_margin=&#8221;true&#8221; css=&#8221;.vc_custom_1651547740927{padding-top: 50px !important;padding-bottom: 50px !important;}&#8221; el_class=&#8221;wpex-accent-bg&#8221;][vc_column][vc_column_text color=&#8221;on-accent&#8221; font_size=&#8221;21&#8243;] Her zaman hazir stoklar\u0131m\u0131z ile en uygun kosullarda hizmetinizdeyiz! [\/vc_column_text][\/vc_column][\/vc_row][vc_row css=&#8221;.vc_custom_1460667407935{padding-top: 80px !important;padding-bottom: 50px !important;}&#8221;][vc_column width=&#8221;1\/3&#8243;][\/vc_column][vc_column width=&#8221;1\/3&#8243;][\/vc_column][vc_column width=&#8221;1\/3&#8243;][\/vc_column][\/vc_row][vc_row full_width=&#8221;stretch_row&#8221; css=&#8221;.vc_custom_1489611246294{padding-top: 60px&hellip;<\/p>\n","protected":false},"author":1,"featured_media":0,"parent":0,"menu_order":0,"comment_status":"closed","ping_status":"closed","template":"","meta":[],"_links":{"self":[{"href":"http:\/\/www.canapolimer.com.tr\/index.php?rest_route=\/wp\/v2\/pages\/2"}],"collection":[{"href":"http:\/\/www.canapolimer.com.tr\/index.php?rest_route=\/wp\/v2\/pages"}],"about":[{"href":"http:\/\/www.canapolimer.com.tr\/index.php?rest_route=\/wp\/v2\/types\/page"}],"author":[{"embeddable":true,"href":"http:\/\/www.canapolimer.com.tr\/index.php?rest_route=\/wp\/v2\/users\/1"}],"replies":[{"embeddable":true,"href":"http:\/\/www.canapolimer.com.tr\/index.php?rest_route=%2Fwp%2Fv2%2Fcomments&post=2"}],"version-history":[{"count":25,"href":"http:\/\/www.canapolimer.com.tr\/index.php?rest_route=\/wp\/v2\/pages\/2\/revisions"}],"predecessor-version":[{"id":253,"href":"http:\/\/www.canapolimer.com.tr\/index.php?rest_route=\/wp\/v2\/pages\/2\/revisions\/253"}],"wp:attachment":[{"href":"http:\/\/www.canapolimer.com.tr\/index.php?rest_route=%2Fwp%2Fv2%2Fmedia&parent=2"}],"curies":[{"name":"wp","href":"https:\/\/api.w.org\/{rel}","templated":true}]}}