{"id":6,"date":"2015-01-25T00:22:43","date_gmt":"2015-01-25T00:22:43","guid":{"rendered":"http:\/\/total.wpexplorer.com\/construct\/?page_id=6"},"modified":"2022-10-06T13:44:52","modified_gmt":"2022-10-06T13:44:52","slug":"urunlerimiz","status":"publish","type":"page","link":"http:\/\/www.canapolimer.com.tr\/?page_id=6","title":{"rendered":"\u00dcR\u00dcNLER\u0130M\u0130Z"},"content":{"rendered":"[vc_row full_width=&#8221;stretch_row&#8221; column_spacing=&#8221;0px&#8221; remove_bottom_col_margin=&#8221;true&#8221; typography_style=&#8221;light&#8221; bg_style=&#8221;stretch&#8221; style=&#8221;light&#8221; no_margins=&#8221;true&#8221; css=&#8221;.vc_custom_1664542822622{padding-top: 140px !important;padding-bottom: 140px !important;background-image: url(http:\/\/www.canapolimer.com.tr\/wp-content\/uploads\/2022\/09\/urunlerimiz.png?id=209) !important;background-position: center !important;background-repeat: no-repeat !important;background-size: cover !important;}&#8221;][vc_column]<h1 class=\"vcex-heading vcex-module wpex-text-2xl wpex-font-normal wpex-m-auto wpex-max-w-100 vcex-heading-plain wpex-block wpex-text-center\" style=\"color:#000000;font-size:36px;font-weight:700;\"><span class=\"vcex-heading-inner wpex-inline-block wpex-clr\">\u00dcR\u00dcNLER\u0130M\u0130Z<\/span><\/h1><div class=\"vcex-spacing wpex-w-100 wpex-clear\" style=\"height:10px;\"><\/div>[vc_column_text color=&#8221;#ffffff&#8221; font_size=&#8221;21px&#8221; text_align=&#8221;center&#8221;][\/vc_column_text][\/vc_column][\/vc_row][vc_row column_spacing=&#8221;40&#8243; css=&#8221;.vc_custom_1489882700335{padding-top: 70px !important;}&#8221;][vc_column width=&#8221;1\/3&#8243;]<div class=\"vcex-module vcex-icon-box vcex-icon-box-two wpex-relative wpex-text-center\"><div class=\"vcex-icon-box-symbol wpex-mb-20\" style=\"margin-bottom:30px;\"><div class=\"vcex-icon-box-icon wpex-inline-flex wpex-items-center wpex-justify-center wpex-child-inherit-color wpex-text-center wpex-leading-none wpex-text-1\" style=\"color:#000000;font-size:36px;border-radius:99px;background:#ffb700;width:100px;height:100px;\"><span class=\"ticon ticon-check-circle-o\" aria-hidden=\"true\"><\/span><\/div><\/div><div class=\"vcex-icon-box-text\"><h2 class=\"vcex-icon-box-heading wpex-heading wpex-text-md wpex-mb-10\" style=\"text-transform:uppercase;\">PP Polipropilen<\/h2><div class=\"vcex-icon-box-content wpex-last-mb-0 wpex-clr\"><p>POLIPIROPILEN HOMOPOLIMER (PPH)<\/p>\n<p>POLIPROPILEN RANDOM KOPOLIMER (PPRC)<\/p>\n<p>POLIPROPILEN BLOK KOPOLIMER (PPC)<\/p>\n<\/div><\/div><\/div>[\/vc_column][vc_column width=&#8221;1\/3&#8243;]<div class=\"vcex-module vcex-icon-box vcex-icon-box-two wpex-relative wpex-text-center\"><div class=\"vcex-icon-box-symbol wpex-mb-20\" style=\"margin-bottom:30px;\"><div class=\"vcex-icon-box-icon wpex-inline-flex wpex-items-center wpex-justify-center wpex-child-inherit-color wpex-text-center wpex-leading-none wpex-text-1\" style=\"color:#000000;font-size:36px;border-radius:99px;background:#ffb700;width:100px;height:100px;\"><span class=\"ticon ticon-check-circle-o\" aria-hidden=\"true\"><\/span><\/div><\/div><div class=\"vcex-icon-box-text\"><h2 class=\"vcex-icon-box-heading wpex-heading wpex-text-md wpex-mb-10\" style=\"text-transform:uppercase;\">PE Polietilen<\/h2><div class=\"vcex-icon-box-content wpex-last-mb-0 wpex-clr\"><p>AL\u00c7AK YOGUNLUKLU POLIETILEN (LDPE)<\/p>\n<p>LINEER AL\u00c7AK YOGUNLUKLU POLIETILEN (LLDPE)<\/p>\n<p>Y\u00dcKSEK YOGUNLUKLU POLIETILEN (HDPE)<\/p>\n<\/div><\/div><\/div>[\/vc_column][vc_column width=&#8221;1\/3&#8243;]<div class=\"vcex-module vcex-icon-box vcex-icon-box-two wpex-relative wpex-text-center\"><div class=\"vcex-icon-box-symbol wpex-mb-20\" style=\"margin-bottom:30px;\"><div class=\"vcex-icon-box-icon wpex-inline-flex wpex-items-center wpex-justify-center wpex-child-inherit-color wpex-text-center wpex-leading-none wpex-text-1\" style=\"color:#000000;font-size:36px;border-radius:99px;background:#ffb700;width:100px;height:100px;\"><span class=\"ticon ticon-check-circle-o\" aria-hidden=\"true\"><\/span><\/div><\/div><div class=\"vcex-icon-box-text\"><h2 class=\"vcex-icon-box-heading wpex-heading wpex-text-md wpex-mb-10\" style=\"text-transform:uppercase;\">PS Polistiren<\/h2><div class=\"vcex-icon-box-content wpex-last-mb-0 wpex-clr\"><p>GENEL KULLANIMLIK POLISTIREN (GPPS): Kristal<\/p>\n<p>Y\u00dcKSEK DARBE MUKAVEMETLI POLISTIREN ( HIPS): Antisok<\/p>\n<\/div><\/div><\/div>[\/vc_column][\/vc_row][vc_row full_width=&#8221;stretch_row_content_no_spaces&#8221;][vc_column css=&#8221;.vc_custom_1476675502012{margin-bottom: 0px !important;background-color: #000000 !important;}&#8221;]<div class=\"vcex-module wpex-carousel wpex-carousel-images wpex-clr owl-carousel no-margins arrwstyle-default arrwpos-abs wpex-carousel-lightbox\" data-wpex-carousel=\"{&quot;nav&quot;:true,&quot;dots&quot;:false,&quot;autoplay&quot;:false,&quot;loop&quot;:true,&quot;center&quot;:false,&quot;smartSpeed&quot;:250,&quot;items&quot;:4,&quot;slideBy&quot;:1,&quot;autoplayTimeout&quot;:5000,&quot;margin&quot;:false,&quot;itemsTablet&quot;:3,&quot;itemsMobileLandscape&quot;:2,&quot;itemsMobilePortrait&quot;:1,&quot;autoWidth&quot;:false,&quot;autoHeight&quot;:false}\"><div class=\"wpex-carousel-slide\"><figure class=\"wpex-carousel-entry-media entry-media overlay-parent overlay-parent-plus-three-hover wpex-overflow-hidden\"><a href=\"http:\/\/www.canapolimer.com.tr\/wp-content\/uploads\/2022\/10\/lukoil-oil-company-logo-3.png\" class=\"wpex-carousel-entry-img wpex-carousel-lightbox-item\" data-title data-count=\"1\" data-show_title=\"false\"><img data-no-lazy=\"1\" class=\"wpex-align-middle skip-lazy\" src=\"http:\/\/www.canapolimer.com.tr\/wp-content\/uploads\/2022\/10\/lukoil-oil-company-logo-3-800x490.png\" alt=\"\" width=\"800\" height=\"490\">\n<div class=\"overlay-plus-three-hover overlay-hide theme-overlay wpex-absolute wpex-inset-0 wpex-transition-all wpex-duration-300 wpex-text-accent wpex-text-6xl wpex-flex wpex-items-center wpex-justify-center\" aria-hidden=\"true\">\n\t<span class=\"overlay-bg wpex-bg-black wpex-block wpex-absolute wpex-inset-0 wpex-opacity-70\"><\/span>\n    <span class=\"overlay-content overlay-transform wpex-relative wpex-leading-none wpex-translate-y-50 wpex-transition-all wpex-duration-300 ticon ticon-plus-circle\" aria-hidden=\"true\"><\/span><\/div><\/a><\/figure><\/div><div class=\"wpex-carousel-slide\"><figure class=\"wpex-carousel-entry-media entry-media overlay-parent overlay-parent-plus-three-hover wpex-overflow-hidden\"><a href=\"http:\/\/www.canapolimer.com.tr\/wp-content\/uploads\/2022\/10\/petkim-logo-2.png\" class=\"wpex-carousel-entry-img wpex-carousel-lightbox-item\" data-title data-count=\"2\" data-show_title=\"false\"><img data-no-lazy=\"1\" class=\"wpex-align-middle skip-lazy\" src=\"http:\/\/www.canapolimer.com.tr\/wp-content\/uploads\/2022\/10\/petkim-logo-2-800x490.png\" alt=\"\" width=\"800\" height=\"490\">\n<div class=\"overlay-plus-three-hover overlay-hide theme-overlay wpex-absolute wpex-inset-0 wpex-transition-all wpex-duration-300 wpex-text-accent wpex-text-6xl wpex-flex wpex-items-center wpex-justify-center\" aria-hidden=\"true\">\n\t<span class=\"overlay-bg wpex-bg-black wpex-block wpex-absolute wpex-inset-0 wpex-opacity-70\"><\/span>\n    <span class=\"overlay-content overlay-transform wpex-relative wpex-leading-none wpex-translate-y-50 wpex-transition-all wpex-duration-300 ticon ticon-plus-circle\" aria-hidden=\"true\"><\/span><\/div><\/a><\/figure><\/div><div class=\"wpex-carousel-slide\"><figure class=\"wpex-carousel-entry-media entry-media overlay-parent overlay-parent-plus-three-hover wpex-overflow-hidden\"><a href=\"http:\/\/www.canapolimer.com.tr\/wp-content\/uploads\/2022\/10\/Repsol-emblem-1.jpg\" class=\"wpex-carousel-entry-img wpex-carousel-lightbox-item\" data-title data-count=\"3\" data-show_title=\"false\"><img data-no-lazy=\"1\" class=\"wpex-align-middle skip-lazy\" src=\"http:\/\/www.canapolimer.com.tr\/wp-content\/uploads\/2022\/10\/Repsol-emblem-1-800x490.jpg\" alt=\"\" width=\"800\" height=\"490\">\n<div class=\"overlay-plus-three-hover overlay-hide theme-overlay wpex-absolute wpex-inset-0 wpex-transition-all wpex-duration-300 wpex-text-accent wpex-text-6xl wpex-flex wpex-items-center wpex-justify-center\" aria-hidden=\"true\">\n\t<span class=\"overlay-bg wpex-bg-black wpex-block wpex-absolute wpex-inset-0 wpex-opacity-70\"><\/span>\n    <span class=\"overlay-content overlay-transform wpex-relative wpex-leading-none wpex-translate-y-50 wpex-transition-all wpex-duration-300 ticon ticon-plus-circle\" aria-hidden=\"true\"><\/span><\/div><\/a><\/figure><\/div><div class=\"wpex-carousel-slide\"><figure class=\"wpex-carousel-entry-media entry-media overlay-parent overlay-parent-plus-three-hover wpex-overflow-hidden\"><a href=\"http:\/\/www.canapolimer.com.tr\/wp-content\/uploads\/2022\/10\/Siburlogo-4.jpg\" class=\"wpex-carousel-entry-img wpex-carousel-lightbox-item\" data-title data-count=\"4\" data-show_title=\"false\"><img data-no-lazy=\"1\" class=\"wpex-align-middle skip-lazy\" src=\"http:\/\/www.canapolimer.com.tr\/wp-content\/uploads\/2022\/10\/Siburlogo-4-800x490.jpg\" alt=\"\" srcset=\"http:\/\/www.canapolimer.com.tr\/wp-content\/uploads\/2022\/10\/Siburlogo-4-800x490.jpg 800w, http:\/\/www.canapolimer.com.tr\/wp-content\/uploads\/2022\/10\/Siburlogo-4-300x185.jpg 300w\" width=\"800\" height=\"490\">\n<div class=\"overlay-plus-three-hover overlay-hide theme-overlay wpex-absolute wpex-inset-0 wpex-transition-all wpex-duration-300 wpex-text-accent wpex-text-6xl wpex-flex wpex-items-center wpex-justify-center\" aria-hidden=\"true\">\n\t<span class=\"overlay-bg wpex-bg-black wpex-block wpex-absolute wpex-inset-0 wpex-opacity-70\"><\/span>\n    <span class=\"overlay-content overlay-transform wpex-relative wpex-leading-none wpex-translate-y-50 wpex-transition-all wpex-duration-300 ticon ticon-plus-circle\" aria-hidden=\"true\"><\/span><\/div><\/a><\/figure><\/div><div class=\"wpex-carousel-slide\"><figure class=\"wpex-carousel-entry-media entry-media overlay-parent overlay-parent-plus-three-hover wpex-overflow-hidden\"><a href=\"http:\/\/www.canapolimer.com.tr\/wp-content\/uploads\/2022\/10\/SK-Chemicals-Logo-1-3.jpg\" class=\"wpex-carousel-entry-img wpex-carousel-lightbox-item\" data-title data-count=\"5\" data-show_title=\"false\"><img data-no-lazy=\"1\" class=\"wpex-align-middle skip-lazy\" src=\"http:\/\/www.canapolimer.com.tr\/wp-content\/uploads\/2022\/10\/SK-Chemicals-Logo-1-3-800x490.jpg\" alt=\"\" width=\"800\" height=\"490\">\n<div class=\"overlay-plus-three-hover overlay-hide theme-overlay wpex-absolute wpex-inset-0 wpex-transition-all wpex-duration-300 wpex-text-accent wpex-text-6xl wpex-flex wpex-items-center wpex-justify-center\" aria-hidden=\"true\">\n\t<span class=\"overlay-bg wpex-bg-black wpex-block wpex-absolute wpex-inset-0 wpex-opacity-70\"><\/span>\n    <span class=\"overlay-content overlay-transform wpex-relative wpex-leading-none wpex-translate-y-50 wpex-transition-all wpex-duration-300 ticon ticon-plus-circle\" aria-hidden=\"true\"><\/span><\/div><\/a><\/figure><\/div><div class=\"wpex-carousel-slide\"><figure class=\"wpex-carousel-entry-media entry-media overlay-parent overlay-parent-plus-three-hover wpex-overflow-hidden\"><a href=\"http:\/\/www.canapolimer.com.tr\/wp-content\/uploads\/2022\/10\/socar-logo-vector-11573969809hgx9wbfgsc-1.jpg\" class=\"wpex-carousel-entry-img wpex-carousel-lightbox-item\" data-title data-count=\"6\" data-show_title=\"false\"><img data-no-lazy=\"1\" class=\"wpex-align-middle skip-lazy\" src=\"http:\/\/www.canapolimer.com.tr\/wp-content\/uploads\/2022\/10\/socar-logo-vector-11573969809hgx9wbfgsc-1-800x490.jpg\" alt=\"\" width=\"800\" height=\"490\">\n<div class=\"overlay-plus-three-hover overlay-hide theme-overlay wpex-absolute wpex-inset-0 wpex-transition-all wpex-duration-300 wpex-text-accent wpex-text-6xl wpex-flex wpex-items-center wpex-justify-center\" aria-hidden=\"true\">\n\t<span class=\"overlay-bg wpex-bg-black wpex-block wpex-absolute wpex-inset-0 wpex-opacity-70\"><\/span>\n    <span class=\"overlay-content overlay-transform wpex-relative wpex-leading-none wpex-translate-y-50 wpex-transition-all wpex-duration-300 ticon ticon-plus-circle\" aria-hidden=\"true\"><\/span><\/div><\/a><\/figure><\/div><div class=\"wpex-carousel-slide\"><figure class=\"wpex-carousel-entry-media entry-media overlay-parent overlay-parent-plus-three-hover wpex-overflow-hidden\"><a href=\"http:\/\/www.canapolimer.com.tr\/wp-content\/uploads\/2022\/10\/total-logo-2.png\" class=\"wpex-carousel-entry-img wpex-carousel-lightbox-item\" data-title data-count=\"7\" data-show_title=\"false\"><img data-no-lazy=\"1\" class=\"wpex-align-middle skip-lazy\" src=\"http:\/\/www.canapolimer.com.tr\/wp-content\/uploads\/2022\/10\/total-logo-2-800x490.png\" alt=\"\" width=\"800\" height=\"490\">\n<div class=\"overlay-plus-three-hover overlay-hide theme-overlay wpex-absolute wpex-inset-0 wpex-transition-all wpex-duration-300 wpex-text-accent wpex-text-6xl wpex-flex wpex-items-center wpex-justify-center\" aria-hidden=\"true\">\n\t<span class=\"overlay-bg wpex-bg-black wpex-block wpex-absolute wpex-inset-0 wpex-opacity-70\"><\/span>\n    <span class=\"overlay-content overlay-transform wpex-relative wpex-leading-none wpex-translate-y-50 wpex-transition-all wpex-duration-300 ticon ticon-plus-circle\" aria-hidden=\"true\"><\/span><\/div><\/a><\/figure><\/div><div class=\"wpex-carousel-slide\"><figure class=\"wpex-carousel-entry-media entry-media overlay-parent overlay-parent-plus-three-hover wpex-overflow-hidden\"><a href=\"http:\/\/www.canapolimer.com.tr\/wp-content\/uploads\/2022\/10\/lotte-chemical-logo-vector-1.png\" class=\"wpex-carousel-entry-img wpex-carousel-lightbox-item\" data-title data-count=\"8\" data-show_title=\"false\"><img data-no-lazy=\"1\" class=\"wpex-align-middle skip-lazy\" src=\"http:\/\/www.canapolimer.com.tr\/wp-content\/uploads\/2022\/10\/lotte-chemical-logo-vector-1-800x490.png\" alt=\"\" width=\"800\" height=\"490\">\n<div class=\"overlay-plus-three-hover overlay-hide theme-overlay wpex-absolute wpex-inset-0 wpex-transition-all wpex-duration-300 wpex-text-accent wpex-text-6xl wpex-flex wpex-items-center wpex-justify-center\" aria-hidden=\"true\">\n\t<span class=\"overlay-bg wpex-bg-black wpex-block wpex-absolute wpex-inset-0 wpex-opacity-70\"><\/span>\n    <span class=\"overlay-content overlay-transform wpex-relative wpex-leading-none wpex-translate-y-50 wpex-transition-all wpex-duration-300 ticon ticon-plus-circle\" aria-hidden=\"true\"><\/span><\/div><\/a><\/figure><\/div><\/div>[\/vc_column][\/vc_row]\n","protected":false},"excerpt":{"rendered":"<p>[vc_row full_width=&#8221;stretch_row&#8221; column_spacing=&#8221;0px&#8221; remove_bottom_col_margin=&#8221;true&#8221; typography_style=&#8221;light&#8221; bg_style=&#8221;stretch&#8221; style=&#8221;light&#8221; no_margins=&#8221;true&#8221; css=&#8221;.vc_custom_1664542822622{padding-top: 140px !important;padding-bottom: 140px !important;background-image: url(http:\/\/www.canapolimer.com.tr\/wp-content\/uploads\/2022\/09\/urunlerimiz.png?id=209) !important;background-position: center !important;background-repeat: no-repeat !important;background-size: cover !important;}&#8221;][vc_column][vc_column_text color=&#8221;#ffffff&#8221; font_size=&#8221;21px&#8221; text_align=&#8221;center&#8221;][\/vc_column_text][\/vc_column][\/vc_row][vc_row column_spacing=&#8221;40&#8243; css=&#8221;.vc_custom_1489882700335{padding-top: 70px !important;}&#8221;][vc_column width=&#8221;1\/3&#8243;][\/vc_column][vc_column width=&#8221;1\/3&#8243;][\/vc_column][vc_column width=&#8221;1\/3&#8243;][\/vc_column][\/vc_row][vc_row full_width=&#8221;stretch_row_content_no_spaces&#8221;][vc_column css=&#8221;.vc_custom_1476675502012{margin-bottom: 0px !important;background-color: #000000 !important;}&#8221;][\/vc_column][\/vc_row]<\/p>\n","protected":false},"author":1,"featured_media":0,"parent":0,"menu_order":0,"comment_status":"closed","ping_status":"closed","template":"","meta":[],"_links":{"self":[{"href":"http:\/\/www.canapolimer.com.tr\/index.php?rest_route=\/wp\/v2\/pages\/6"}],"collection":[{"href":"http:\/\/www.canapolimer.com.tr\/index.php?rest_route=\/wp\/v2\/pages"}],"about":[{"href":"http:\/\/www.canapolimer.com.tr\/index.php?rest_route=\/wp\/v2\/types\/page"}],"author":[{"embeddable":true,"href":"http:\/\/www.canapolimer.com.tr\/index.php?rest_route=\/wp\/v2\/users\/1"}],"replies":[{"embeddable":true,"href":"http:\/\/www.canapolimer.com.tr\/index.php?rest_route=%2Fwp%2Fv2%2Fcomments&post=6"}],"version-history":[{"count":14,"href":"http:\/\/www.canapolimer.com.tr\/index.php?rest_route=\/wp\/v2\/pages\/6\/revisions"}],"predecessor-version":[{"id":267,"href":"http:\/\/www.canapolimer.com.tr\/index.php?rest_route=\/wp\/v2\/pages\/6\/revisions\/267"}],"wp:attachment":[{"href":"http:\/\/www.canapolimer.com.tr\/index.php?rest_route=%2Fwp%2Fv2%2Fmedia&parent=6"}],"curies":[{"name":"wp","href":"https:\/\/api.w.org\/{rel}","templated":true}]}}